{"id":2537,"date":"2024-04-23T09:40:56","date_gmt":"2021-03-09T14:11:37","guid":{"rendered":"https:\/\/appliedneurotraining.com\/services-3\/"},"modified":"2024-05-09T10:13:12","modified_gmt":"2024-05-09T10:13:12","slug":"services","status":"publish","type":"page","link":"https:\/\/appliedneurotraining.com\/en\/services\/","title":{"rendered":"Service"},"content":{"rendered":"<h2 class=\"wp-block-heading\" id=\"h-our-guarantee\"><\/h2>\n\n\n\n<p><\/p>\n\n\n\n<p><\/p>\n\n\n\n<div class=\"wp-block-query list-service is-layout-flow wp-block-query-is-layout-flow\">\n<div class=\"wp-block-columns are-vertically-aligned-center is-layout-flex wp-container-core-columns-is-layout-1 wp-block-columns-is-layout-flex\">\n<div class=\"wp-block-column is-vertically-aligned-center is-layout-flow wp-block-column-is-layout-flow\">\n<div class=\"wp-block-media-text is-stacked-on-mobile\"><figure class=\"wp-block-media-text__media\"><img loading=\"lazy\" decoding=\"async\" width=\"819\" height=\"683\" src=\"https:\/\/appliedneurotraining.com\/wp-content\/uploads\/2024\/05\/feature.png\" alt=\"\" class=\"wp-image-49379 size-full\" srcset=\"https:\/\/appliedneurotraining.com\/wp-content\/uploads\/2024\/05\/feature.png 819w, https:\/\/appliedneurotraining.com\/wp-content\/uploads\/2024\/05\/feature-300x250.png 300w, https:\/\/appliedneurotraining.com\/wp-content\/uploads\/2024\/05\/feature-768x640.png 768w\" sizes=\"(max-width: 819px) 100vw, 819px\" \/><\/figure><div class=\"wp-block-media-text__content\">\n<h2 class=\"wp-block-heading\"><a href=\"https:\/\/appliedneurotraining.com\/en\/neurokinetic-therapy\/\" target=\"_blank\" rel=\"noopener\" title=\"\">NeuroKinetic Therapy<\/a><\/h2>\n\n\n\n<p><\/p>\n\n\n\n<p>NeuroKinetic Therapy (NKT) l\u00e0 1 c\u00f4ng c\u1ee5 tr\u1ecb li\u1ec7u hi\u1ec7u qu\u1ea3 v\u00e0 l\u00e2u d\u00e0i cho c\u00e1c v\u1ea5n \u0111\u1ec1 nh\u01b0 c\u00e1c c\u01a1n \u0111au c\u01a1 x\u01b0\u01a1ng kh\u1edbp do v\u1eadn \u0111\u1ed9ng. Ph\u1ed1i h\u1ee3p gi\u1eefa vi\u1ec7c ki\u1ec3m tra ph\u1ea3n x\u1ea1 th\u1ea7n kinh c\u01a1 b\u1eb1ng tay v\u1edbi nguy\u00ean l\u00fd v\u1ec1 ki\u1ec3m so\u00e1t v\u1eadn \u0111\u1ed9ng c\u1ee7a trung t\u00e2m \u0111i\u1ec1u khi\u1ec3n v\u1eadn &#8230;<\/p>\n<\/div><\/div>\n<\/div>\n\n\n\n<div class=\"wp-block-column is-vertically-aligned-center is-layout-flow wp-block-column-is-layout-flow\">\n<div class=\"wp-block-media-text is-stacked-on-mobile\"><figure class=\"wp-block-media-text__media\"><img loading=\"lazy\" decoding=\"async\" width=\"819\" height=\"683\" src=\"https:\/\/appliedneurotraining.com\/wp-content\/uploads\/2024\/05\/feature4.png\" alt=\"\" class=\"wp-image-49381 size-full\" srcset=\"https:\/\/appliedneurotraining.com\/wp-content\/uploads\/2024\/05\/feature4.png 819w, https:\/\/appliedneurotraining.com\/wp-content\/uploads\/2024\/05\/feature4-300x250.png 300w, https:\/\/appliedneurotraining.com\/wp-content\/uploads\/2024\/05\/feature4-768x640.png 768w\" sizes=\"(max-width: 819px) 100vw, 819px\" \/><\/figure><div class=\"wp-block-media-text__content\">\n<h2 class=\"wp-block-heading\"><a href=\"https:\/\/appliedneurotraining.com\/en\/injury-recovery-training\/\">Injury recovery Training<\/a><\/h2>\n\n\n\n<p>Trong cu\u1ed9c s\u1ed1ng, m\u1ecdi chuy\u1ec3n \u0111\u1ed9ng ho\u1eb7c vi\u1ec7c gi\u1eef c\u01a1 th\u1ec3 trong 1 t\u01b0 th\u1ebf n\u00e0o \u0111\u00f3 c\u1ee7a con ng\u01b0\u1eddi \u0111\u01b0\u1ee3c t\u1ea1o ra v\u00e0 ki\u1ec3m so\u00e1t b\u1edfi n\u00e3o b\u1ed9 th\u00f4ng qua c\u00e1c m\u1ec7nh l\u1ec7nh v\u1eadn \u0111\u1ed9ng.&nbsp; T\u1ea5t c\u1ea3 nh\u1eefng m\u1ec7nh l\u1ec7nh v\u1eadn \u0111\u1ed9ng n\u00e0y \u0111\u1ec1u ph\u1ea3i \u0111\u1ed1i m\u1eb7t v\u1edbi s\u1ef1 bi\u1ebfn \u0111\u1ed5i kh\u00f4ng ng\u1eebng t\u1eeb &#8230;.<\/p>\n<\/div><\/div>\n<\/div>\n<\/div>\n\n\n\n<div class=\"wp-block-columns is-layout-flex wp-container-core-columns-is-layout-2 wp-block-columns-is-layout-flex\">\n<div class=\"wp-block-column is-layout-flow wp-block-column-is-layout-flow\">\n<div class=\"wp-block-media-text is-stacked-on-mobile\"><figure class=\"wp-block-media-text__media\"><img loading=\"lazy\" decoding=\"async\" width=\"901\" height=\"751\" src=\"https:\/\/appliedneurotraining.com\/wp-content\/uploads\/2024\/05\/feature6.png\" alt=\"\" class=\"wp-image-49385 size-full\" srcset=\"https:\/\/appliedneurotraining.com\/wp-content\/uploads\/2024\/05\/feature6.png 901w, https:\/\/appliedneurotraining.com\/wp-content\/uploads\/2024\/05\/feature6-300x250.png 300w, https:\/\/appliedneurotraining.com\/wp-content\/uploads\/2024\/05\/feature6-768x640.png 768w\" sizes=\"(max-width: 901px) 100vw, 901px\" \/><\/figure><div class=\"wp-block-media-text__content\">\n<h2 class=\"wp-block-heading\"><a href=\"https:\/\/appliedneurotraining.com\/en\/vestibulo-training\/\" target=\"_blank\" rel=\"noopener\" title=\"\">Vestibular training<\/a><\/h2>\n\n\n\n<p><\/p>\n\n\n\n<p>Ti\u1ec1n \u0111\u00ecnh, m\u1ed9t trong nh\u1eefng k\u00eanh cung c\u1ea5p th\u00f4ng tin v\u1ec1 m\u00f4i tr\u01b0\u1eddng b\u00ean ngo\u00e0i v\u00e0 b\u00ean trong quan tr\u1ecdng cho n\u00e3o b\u1ed9 \u0111\u1ec3 \u0111\u01b0a ra c\u00e1c m\u1ec7nh l\u1ec7nh v\u1eadn \u0111\u1ed9ng ho\u1eb7c gi\u1eefa t\u01b0 th\u1ebf ph\u00f9 h\u1ee3p&#8230;.<\/p>\n<\/div><\/div>\n<\/div>\n\n\n\n<div class=\"wp-block-column is-layout-flow wp-block-column-is-layout-flow\">\n<div class=\"wp-block-media-text is-stacked-on-mobile\"><figure class=\"wp-block-media-text__media\"><img loading=\"lazy\" decoding=\"async\" width=\"901\" height=\"751\" src=\"https:\/\/appliedneurotraining.com\/wp-content\/uploads\/2024\/05\/feature7.png\" alt=\"\" class=\"wp-image-49386 size-full\" srcset=\"https:\/\/appliedneurotraining.com\/wp-content\/uploads\/2024\/05\/feature7.png 901w, https:\/\/appliedneurotraining.com\/wp-content\/uploads\/2024\/05\/feature7-300x250.png 300w, https:\/\/appliedneurotraining.com\/wp-content\/uploads\/2024\/05\/feature7-768x640.png 768w\" sizes=\"(max-width: 901px) 100vw, 901px\" \/><\/figure><div class=\"wp-block-media-text__content\">\n<h2 class=\"wp-block-heading\"><a href=\"https:\/\/appliedneurotraining.com\/en\/neuro-recovery-for-long-covid\/\" target=\"_blank\" rel=\"noopener\" title=\"\">Brain training for Long covid<\/a><\/h2>\n\n\n\n<p>Ph\u1ea7n l\u1edbn nh\u1eefng ng\u01b0\u1eddi t\u1eebng nhi\u1ec5m Covid \u0111\u1ec1u v\u1eabn \u0111ang \u0111\u1ed1i di\u1ec7n v\u1edbi c\u00e1c tri\u1ec7u ch\u1ee9ng c\u1ee7a n\u00f3 d\u00f9 \u0111\u00e3 v\u00e0i n\u0103m tr\u00f4i qua, n\u00f3 \u0111\u01b0\u1ee3c g\u1ecdi l\u00e0 \u201cH\u1ed9i ch\u1ee9ng Covid 19 k\u00e9o d\u00e0i (Long Covid)\u201d&#8230;.<\/p>\n<\/div><\/div>\n<\/div>\n<\/div>\n<\/div>","protected":false},"excerpt":{"rendered":"","protected":false},"author":2,"featured_media":0,"parent":0,"menu_order":0,"comment_status":"closed","ping_status":"closed","template":"","meta":{"pmpro_default_level":"","_monsterinsights_skip_tracking":false,"_monsterinsights_sitenote_active":false,"_monsterinsights_sitenote_note":"","_monsterinsights_sitenote_category":0,"footnotes":""},"aioseo_notices":[],"_links":{"self":[{"href":"https:\/\/appliedneurotraining.com\/en\/wp-json\/wp\/v2\/pages\/2537"}],"collection":[{"href":"https:\/\/appliedneurotraining.com\/en\/wp-json\/wp\/v2\/pages"}],"about":[{"href":"https:\/\/appliedneurotraining.com\/en\/wp-json\/wp\/v2\/types\/page"}],"author":[{"embeddable":true,"href":"https:\/\/appliedneurotraining.com\/en\/wp-json\/wp\/v2\/users\/2"}],"replies":[{"embeddable":true,"href":"https:\/\/appliedneurotraining.com\/en\/wp-json\/wp\/v2\/comments?post=2537"}],"version-history":[{"count":20,"href":"https:\/\/appliedneurotraining.com\/en\/wp-json\/wp\/v2\/pages\/2537\/revisions"}],"predecessor-version":[{"id":49529,"href":"https:\/\/appliedneurotraining.com\/en\/wp-json\/wp\/v2\/pages\/2537\/revisions\/49529"}],"wp:attachment":[{"href":"https:\/\/appliedneurotraining.com\/en\/wp-json\/wp\/v2\/media?parent=2537"}],"curies":[{"name":"wp","href":"https:\/\/api.w.org\/{rel}","templated":true}]}}