{"id":42,"date":"2024-04-23T09:37:00","date_gmt":"2021-03-09T09:03:37","guid":{"rendered":"https:\/\/appliedneurotraining.com\/about-us\/"},"modified":"2024-05-06T06:49:03","modified_gmt":"2024-05-06T06:49:03","slug":"about-us","status":"publish","type":"page","link":"https:\/\/appliedneurotraining.com\/en\/about-us\/","title":{"rendered":"About Us"},"content":{"rendered":"<p><\/p>\n\n\n\n<p><\/p>\n\n\n\n<div class=\"wp-block-columns is-layout-flex wp-container-core-columns-is-layout-1 wp-block-columns-is-layout-flex\">\n<div class=\"wp-block-column is-layout-flow wp-block-column-is-layout-flow\" style=\"flex-basis:40%\">\n<figure class=\"wp-block-image size-large is-resized\"><img loading=\"lazy\" decoding=\"async\" width=\"683\" height=\"1024\" src=\"https:\/\/appliedneurotraining.com\/wp-content\/uploads\/2024\/04\/18.3-SG-PF-ANNA-THAO-VO-H0672-683x1024.jpg\" alt=\"\" class=\"wp-image-2638\" style=\"width:547px;height:auto\" srcset=\"https:\/\/appliedneurotraining.com\/wp-content\/uploads\/2024\/04\/18.3-SG-PF-ANNA-THAO-VO-H0672-683x1024.jpg 683w, https:\/\/appliedneurotraining.com\/wp-content\/uploads\/2024\/04\/18.3-SG-PF-ANNA-THAO-VO-H0672-200x300.jpg 200w, https:\/\/appliedneurotraining.com\/wp-content\/uploads\/2024\/04\/18.3-SG-PF-ANNA-THAO-VO-H0672-768x1152.jpg 768w, https:\/\/appliedneurotraining.com\/wp-content\/uploads\/2024\/04\/18.3-SG-PF-ANNA-THAO-VO-H0672-1024x1536.jpg 1024w, https:\/\/appliedneurotraining.com\/wp-content\/uploads\/2024\/04\/18.3-SG-PF-ANNA-THAO-VO-H0672-1365x2048.jpg 1365w, https:\/\/appliedneurotraining.com\/wp-content\/uploads\/2024\/04\/18.3-SG-PF-ANNA-THAO-VO-H0672-scaled.jpg 1707w\" sizes=\"(max-width: 683px) 100vw, 683px\" \/><\/figure>\n<\/div>\n\n\n\n<div class=\"wp-block-column about-info is-layout-flow wp-block-column-is-layout-flow\" style=\"flex-basis:60%\">\n<p>L\u00e0 m\u1ed9t \u201cm\u1ecdt s\u00e1ch\u201d v\u00e0 ng\u01b0\u1eddi \u0111am m\u00ea t\u00ecm t\u00f2i ch\u00ednh hi\u1ec7u, Anna Th\u1ea3o g\u1eb7p \u0111am m\u00ea c\u1ee7a \u0111\u1eddi m\u00ecnh trong vi\u1ec7c nghi\u00ean c\u1ee9u m\u1ed1i quan h\u1ec7 k\u1ef3 di\u1ec7u c\u1ee7a c\u01a1 th\u1ec3, n\u00e3o b\u1ed9 v\u00e0 c\u00e1ch c\u00e1c sai l\u1ec7ch v\u1ec1 v\u1eadn \u0111\u1ed9ng h\u00ecnh th\u00e0nh, t\u1ea1o n\u00ean c\u01a1n \u0111au. C\u00f4 gi\u00fap kh\u00e1ch h\u00e0ng gi\u1ea3i quy\u1ebft c\u01a1n \u0111au th\u1ec3 l\u00fd th\u00f4ng qua vi\u1ec7c k\u1ebft h\u1ee3p nh\u1eefng \u1ee9ng d\u1ee5ng v\u1ec1 Thuy\u1ebft \u0111i\u1ec1u khi\u1ec3n v\u1eadn \u0111\u1ed9ng c\u00f9ng nh\u1eefng \u1ee9ng d\u1ee5ng v\u1ec1 ph\u1ee5c h\u1ed3i ch\u1ee9c n\u0103ng th\u1ea7n kinh trong v\u1eadn \u0111\u1ed9ng. Vai tr\u00f2 c\u1ee7a Th\u1ea3o kh\u00f4ng d\u1eebng l\u1ea1i \u1edf vi\u1ec7c th\u1ef1c hi\u1ec7n c\u00e1c b\u00e0i ki\u1ec3m tra ch\u1ee9c n\u0103ng c\u01a1 hay ch\u1ee9c n\u0103ng c\u00e1c v\u00f9ng n\u00e3o v\u00e0 \u0111\u01b0a ra b\u00e0i t\u1eadp ph\u1ee5c h\u1ed3i m\u00e0 c\u00f2n l\u00e0 m\u1ed9t ng\u01b0\u1eddi coach trong qu\u00e1 tr\u00ecnh t\u00ecm ra s\u1ef1 \u0111i\u1ec1u ch\u1ec9nh l\u1ed1i s\u1ed1ng h\u1ee3p l\u00fd nh\u1ea5t cho s\u1ee9c kh\u1ecfe t\u1ed5ng th\u1ec3 c\u1ee7a kh\u00e1ch h\u00e0ng.<br><br>C\u00f4 l\u00e0 ng\u01b0\u1eddi Vi\u1ec7t Nam \u0111\u1ea7u ti\u00ean ho\u00e0n th\u00e0nh c\u00e1c ch\u1ee9ng ch\u1ec9 c\u1ea5p \u0111\u1ed9 1, 2 v\u00e0 3 c\u1ee7a NeuroKinetic Therapy (NKT) v\u00e0 c\u0169ng l\u00e0 ng\u01b0\u1eddi Vi\u1ec7t Nam \u0111\u1ea7u ti\u00ean ho\u00e0n th\u00e0nh ch\u01b0\u01a1ng tr\u00ecnh \u0111\u00e0o t\u1ea1o Next Level Neuro (NLN) c\u1ee7a M\u1ef9. Ngo\u00e0i ra, c\u00f4 c\u0169ng \u0111\u00e3 ho\u00e0n t\u1ea5t ch\u01b0\u01a1ng tr\u00ecnh \u0111\u00e0o t\u1ea1o online Ph\u1ee5c h\u1ed3i ch\u1ee9c n\u0103ng th\u1ea7n kinh c\u1ee7a \u0110\u1ea1i h\u1ecdc Melbourne, \u00dac. Trong 6 n\u0103m, Th\u1ea3o \u0111\u00e3 tr\u00fat b\u1ecf danh t\u00ednh c\u1ee7a m\u1ed9t nh\u00e2n vi\u00ean c\u1ea5p cao trong h\u1ec7 th\u1ed1ng doanh nghi\u1ec7p \u0111\u1ec3 t\u1eebng b\u01b0\u1edbc chuy\u1ec3n \u0111\u1ed5i th\u00e0nh m\u1ed9t ng\u01b0\u1eddi th\u1ef1c h\u00e0nh tr\u1ecb li\u1ec7u \u0111\u01b0\u1ee3c c\u00f4ng nh\u1eadn th\u00f4ng qua qu\u00e1 tr\u00ecnh h\u1ecdc h\u1ecfi li\u00ean t\u1ee5c, tham gia v\u00e0o t\u1ea5t c\u1ea3 c\u00e1c kh\u00f3a h\u1ecdc c\u1ea7n thi\u1ebft cho ngh\u1ec1 nghi\u1ec7p m\u1edbi, ti\u1ebfp thu t\u1ea5t c\u1ea3 nh\u01b0 m\u1ed9t mi\u1ebfng b\u1ecdt bi\u1ec3n.\u00a0<\/p>\n\n\n\n<p><\/p>\n\n\n\n<p>M\u1ed9t phi\u00ean tr\u1ecb li\u1ec7u c\u1ea7n s\u1ef1 ph\u1ed1i h\u1ee3p c\u1ee7a c\u1ea3 y\u1ebfu t\u1ed1 k\u1ef9 thu\u1eadt l\u1eabn t\u00e2m l\u00fd: c\u1ea7n m\u1ed9t \u0111\u00f4i tay th\u1eadt nh\u1ea1y \u0111\u1ec3 t\u00ecm ra nh\u1eefng sai l\u1ec7ch trong m\u1eabu h\u00ecnh v\u1eadn \u0111\u1ed9ng t\u1ea1o n\u00ean c\u01a1n \u0111au, nh\u01b0ng c\u0169ng c\u1ea7n s\u1ef1 tinh t\u1ebf \u0111\u1ec3 \u0111i c\u00f9ng kh\u00e1ch h\u00e0ng trong qu\u00e1 tr\u00ecnh ph\u1ee5c h\u1ed3i, tr\u1ea3 l\u1ea1i cho h\u1ecd t\u00ecnh y\u00eau v\u00e0 s\u1ef1 tin t\u01b0\u1edfng v\u1edbi c\u01a1 th\u1ec3 m\u00ecnh &#8211; Th\u1ea3o c\u00e2n b\u1eb1ng t\u1ed1t c\u1ea3 hai vai tr\u00f2 n\u00e0y. C\u00f4 \u1ea5y nh\u1ea1y b\u00e9n, th\u00f4ng th\u1ea1o, hi\u1ec3u bi\u1ebft, qu\u00ean m\u00ecnh \u0111\u1ec3 ch\u0103m s\u00f3c t\u1eebng kh\u00e1ch h\u00e0ng m\u1ed9t. R\u1ea5t nhi\u1ec1u kh\u00e1ch h\u00e0ng qua qu\u00e1 tr\u00ecnh l\u00e0m vi\u1ec7c c\u00f9ng nhau \u0111\u00e3 tr\u1edf th\u00e0nh nh\u1eefng ng\u01b0\u1eddi b\u1ea1n, ch\u1ecb, em th\u00e2n thi\u1ebft.<\/p>\n\n\n\n<p><br>S\u1ef1 ch\u00e2n th\u00e0nh v\u00e0 nhi\u1ec7t t\u00ecnh c\u1ee7a Th\u1ea3o c\u00e0ng th\u1ec3 hi\u1ec7n r\u00f5 h\u01a1n trong vai tr\u00f2 ng\u01b0\u1eddi ti\u00ean phong v\u00e0 d\u1eabn d\u1eaft cho NKT t\u1ea1i Vi\u1ec7t Nam. C\u00f4 t\u1ed5 ch\u1ee9c c\u00e1c bu\u1ed5i \u0111\u00e0o t\u1ea1o v\u00e0 ch\u1ec9 d\u1eabn cho nh\u1eefng b\u1ea1n m\u1edbi b\u1eaft \u0111\u1ea7u v\u1edbi NKT v\u00e0 d\u00e0nh nhi\u1ec1u th\u1eddi gian \u0111\u1ec3 gi\u1ea3i th\u00edch cho b\u1ea5t c\u1ee9 ai c\u00f3 h\u1ee9ng th\u00fa v\u1ec1 ph\u01b0\u01a1ng ph\u00e1p n\u00e0y.<br><br>T\u00ecnh y\u00eau v\u1edbi h\u1ecdc h\u1ecfi v\u00e0 nghi\u00ean c\u1ee9u c\u00f4 \u1ea5y ti\u1ebfp t\u1ee5c m\u1edf r\u1ed9ng chuy\u00ean m\u00f4n \u0111\u1ebfn nhi\u1ec1u l\u0129nh v\u1ef1c v\u1ec1 \u1ee9ng d\u1ee5ng khoa h\u1ecdc th\u1ea7n kinh trong v\u1eadn \u0111\u1ed9ng v\u00e0 th\u1eed nghi\u1ec7m k\u1ebft h\u1ee3p nhi\u1ec1u ph\u01b0\u01a1ng ph\u00e1p kh\u00e1c nhau. Th\u1ea3o \u0111\u1eb7t m\u1ee5c ti\u00eau tr\u1edf th\u00e0nh chuy\u00ean gia tr\u1ecb li\u1ec7u v\u1eadn \u0111\u1ed9ng v\u00e0 chuy\u00ean gia \u0111\u00e0o t\u1ea1o th\u1ea7n kinh trong luy\u1ec7n t\u1eadp ph\u1ee5c h\u1ed3i \u0111\u1ea7u ti\u00ean t\u1ea1i Vi\u1ec7t Nam.<\/p>\n\n\n\n<p><\/p>\n<\/div>\n<\/div>\n\n\n\n<p><style>\/*! elementor - v3.21.0 - 30-04-2024 *\/<br \/>\n.elementor-widget-image{text-align:center}.elementor-widget-image a{display:inline-block}.elementor-widget-image a img[src$=\".svg\"]{width:48px}.elementor-widget-image img{vertical-align:middle;display:inline-block}<\/style><\/p>\n\n\n\n<p><\/p>","protected":false},"excerpt":{"rendered":"<p>L\u00e0 m\u1ed9t \u201cm\u1ecdt s\u00e1ch\u201d v\u00e0 ng\u01b0\u1eddi \u0111am m\u00ea t\u00ecm t\u00f2i ch\u00ednh hi\u1ec7u, Anna Th\u1ea3o g\u1eb7p \u0111am m\u00ea c\u1ee7a \u0111\u1eddi m\u00ecnh trong vi\u1ec7c nghi\u00ean c\u1ee9u m\u1ed1i quan h\u1ec7 k\u1ef3 di\u1ec7u c\u1ee7a c\u01a1 th\u1ec3, n\u00e3o b\u1ed9 v\u00e0 c\u00e1ch c\u00e1c sai l\u1ec7ch v\u1ec1 v\u1eadn \u0111\u1ed9ng h\u00ecnh th\u00e0nh, t\u1ea1o n\u00ean c\u01a1n \u0111au. C\u00f4 gi\u00fap kh\u00e1ch h\u00e0ng gi\u1ea3i quy\u1ebft c\u01a1n [&hellip;]<\/p>","protected":false},"author":2,"featured_media":0,"parent":0,"menu_order":0,"comment_status":"closed","ping_status":"closed","template":"","meta":{"pmpro_default_level":"","_monsterinsights_skip_tracking":false,"_monsterinsights_sitenote_active":false,"_monsterinsights_sitenote_note":"","_monsterinsights_sitenote_category":0,"footnotes":""},"aioseo_notices":[],"_links":{"self":[{"href":"https:\/\/appliedneurotraining.com\/en\/wp-json\/wp\/v2\/pages\/42"}],"collection":[{"href":"https:\/\/appliedneurotraining.com\/en\/wp-json\/wp\/v2\/pages"}],"about":[{"href":"https:\/\/appliedneurotraining.com\/en\/wp-json\/wp\/v2\/types\/page"}],"author":[{"embeddable":true,"href":"https:\/\/appliedneurotraining.com\/en\/wp-json\/wp\/v2\/users\/2"}],"replies":[{"embeddable":true,"href":"https:\/\/appliedneurotraining.com\/en\/wp-json\/wp\/v2\/comments?post=42"}],"version-history":[{"count":19,"href":"https:\/\/appliedneurotraining.com\/en\/wp-json\/wp\/v2\/pages\/42\/revisions"}],"predecessor-version":[{"id":49345,"href":"https:\/\/appliedneurotraining.com\/en\/wp-json\/wp\/v2\/pages\/42\/revisions\/49345"}],"wp:attachment":[{"href":"https:\/\/appliedneurotraining.com\/en\/wp-json\/wp\/v2\/media?parent=42"}],"curies":[{"name":"wp","href":"https:\/\/api.w.org\/{rel}","templated":true}]}}